{"id":4280,"date":"2024-09-03T16:08:54","date_gmt":"2024-09-03T14:08:54","guid":{"rendered":"https:\/\/helion.aero\/wind-turbine-cleaning\/"},"modified":"2025-06-08T14:03:42","modified_gmt":"2025-06-08T12:03:42","slug":"wind-turbine-cleaning","status":"publish","type":"page","link":"https:\/\/helion.aero\/en\/wind-turbine-cleaning\/","title":{"rendered":"Wind Turbine Cleaning"},"content":{"rendered":"","protected":false},"excerpt":{"rendered":"","protected":false},"author":248291793,"featured_media":0,"parent":0,"menu_order":0,"comment_status":"closed","ping_status":"closed","template":"","meta":{"_crdt_document":"","_uag_custom_page_level_css":"","site-sidebar-layout":"default","site-content-layout":"","ast-site-content-layout":"normal-width-container","site-content-style":"default","site-sidebar-style":"default","ast-global-header-display":"","ast-banner-title-visibility":"","ast-main-header-display":"","ast-hfb-above-header-display":"","ast-hfb-below-header-display":"","ast-hfb-mobile-header-display":"","site-post-title":"disabled","ast-breadcrumbs-content":"","ast-featured-img":"","footer-sml-layout":"","theme-transparent-header-meta":"","adv-header-id-meta":"","stick-header-meta":"","header-above-stick-meta":"","header-main-stick-meta":"","header-below-stick-meta":"","astra-migrate-meta-layouts":"default","ast-page-background-enabled":"default","ast-page-background-meta":{"desktop":{"background-color":"","background-image":"","background-repeat":"repeat","background-position":"center center","background-size":"auto","background-attachment":"scroll","background-type":"","background-media":"","overlay-type":"","overlay-color":"","overlay-opacity":"","overlay-gradient":""},"tablet":{"background-color":"","background-image":"","background-repeat":"repeat","background-position":"center center","background-size":"auto","background-attachment":"scroll","background-type":"","background-media":"","overlay-type":"","overlay-color":"","overlay-opacity":"","overlay-gradient":""},"mobile":{"background-color":"","background-image":"","background-repeat":"repeat","background-position":"center center","background-size":"auto","background-attachment":"scroll","background-type":"","background-media":"","overlay-type":"","overlay-color":"","overlay-opacity":"","overlay-gradient":""}},"ast-content-background-meta":{"desktop":{"background-color":"var(--ast-global-color-5)","background-image":"","background-repeat":"repeat","background-position":"center center","background-size":"auto","background-attachment":"scroll","background-type":"","background-media":"","overlay-type":"","overlay-color":"","overlay-opacity":"","overlay-gradient":""},"tablet":{"background-color":"var(--ast-global-color-5)","background-image":"","background-repeat":"repeat","background-position":"center center","background-size":"auto","background-attachment":"scroll","background-type":"","background-media":"","overlay-type":"","overlay-color":"","overlay-opacity":"","overlay-gradient":""},"mobile":{"background-color":"var(--ast-global-color-5)","background-image":"","background-repeat":"repeat","background-position":"center center","background-size":"auto","background-attachment":"scroll","background-type":"","background-media":"","overlay-type":"","overlay-color":"","overlay-opacity":"","overlay-gradient":""}},"jetpack_post_was_ever_published":true,"footnotes":""},"class_list":["post-4280","page","type-page","status-publish","hentry"],"yoast_head":"<!-- This site is optimized with the Yoast SEO Premium plugin v26.8 (Yoast SEO v27.3) - https:\/\/yoast.com\/product\/yoast-seo-premium-wordpress\/ -->\n<title>Wind turbine cleaning and defrosting<\/title>\n<meta name=\"description\" content=\"Discover the importance of wind turbine cleaning. Keep your turbines in optimal conditions for efficient performance.\" \/>\n<meta name=\"robots\" content=\"index, follow, max-snippet:-1, max-image-preview:large, max-video-preview:-1\" \/>\n<link rel=\"canonical\" href=\"https:\/\/helion.aero\/en\/wind-turbine-cleaning\/\" \/>\n<meta property=\"og:locale\" content=\"en_US\" \/>\n<meta property=\"og:type\" content=\"article\" \/>\n<meta property=\"og:title\" content=\"Wind Turbine Cleaning\" \/>\n<meta property=\"og:description\" content=\"Discover the importance of wind turbine cleaning. Keep your turbines in optimal conditions for efficient performance.\" \/>\n<meta property=\"og:url\" content=\"https:\/\/helion.aero\/en\/wind-turbine-cleaning\/\" \/>\n<meta property=\"og:site_name\" content=\"Helion\" \/>\n<meta property=\"article:modified_time\" content=\"2025-06-08T12:03:42+00:00\" \/>\n<meta property=\"og:image\" content=\"https:\/\/i0.wp.com\/helion.aero\/wp-content\/uploads\/2024\/09\/cropped-HelionColorHorizontal-removebg-preview-1-4.png?fit=217%2C217&ssl=1\" \/>\n\t<meta property=\"og:image:width\" content=\"217\" \/>\n\t<meta property=\"og:image:height\" content=\"217\" \/>\n\t<meta property=\"og:image:type\" content=\"image\/png\" \/>\n<meta name=\"twitter:card\" content=\"summary_large_image\" \/>\n<script type=\"application\/ld+json\" class=\"yoast-schema-graph\">{\"@context\":\"https:\\\/\\\/schema.org\",\"@graph\":[{\"@type\":\"WebPage\",\"@id\":\"https:\\\/\\\/helion.aero\\\/en\\\/wind-turbine-cleaning\\\/\",\"url\":\"https:\\\/\\\/helion.aero\\\/en\\\/wind-turbine-cleaning\\\/\",\"name\":\"Wind turbine cleaning and defrosting\",\"isPartOf\":{\"@id\":\"https:\\\/\\\/helion.aero\\\/en\\\/#website\"},\"datePublished\":\"2024-09-03T14:08:54+00:00\",\"dateModified\":\"2025-06-08T12:03:42+00:00\",\"description\":\"Discover the importance of wind turbine cleaning. Keep your turbines in optimal conditions for efficient performance.\",\"breadcrumb\":{\"@id\":\"https:\\\/\\\/helion.aero\\\/en\\\/wind-turbine-cleaning\\\/#breadcrumb\"},\"inLanguage\":\"en-US\",\"potentialAction\":[{\"@type\":\"ReadAction\",\"target\":[\"https:\\\/\\\/helion.aero\\\/en\\\/wind-turbine-cleaning\\\/\"]}]},{\"@type\":\"BreadcrumbList\",\"@id\":\"https:\\\/\\\/helion.aero\\\/en\\\/wind-turbine-cleaning\\\/#breadcrumb\",\"itemListElement\":[{\"@type\":\"ListItem\",\"position\":1,\"name\":\"Portada\",\"item\":\"https:\\\/\\\/helion.aero\\\/en\\\/\"},{\"@type\":\"ListItem\",\"position\":2,\"name\":\"Wind Turbine Cleaning\"}]},{\"@type\":\"WebSite\",\"@id\":\"https:\\\/\\\/helion.aero\\\/en\\\/#website\",\"url\":\"https:\\\/\\\/helion.aero\\\/en\\\/\",\"name\":\"Helion Technologies\",\"description\":\"Servicios con drones\",\"publisher\":{\"@id\":\"https:\\\/\\\/helion.aero\\\/en\\\/#organization\"},\"alternateName\":\"Helion\",\"potentialAction\":[{\"@type\":\"SearchAction\",\"target\":{\"@type\":\"EntryPoint\",\"urlTemplate\":\"https:\\\/\\\/helion.aero\\\/en\\\/?s={search_term_string}\"},\"query-input\":{\"@type\":\"PropertyValueSpecification\",\"valueRequired\":true,\"valueName\":\"search_term_string\"}}],\"inLanguage\":\"en-US\"},{\"@type\":\"Organization\",\"@id\":\"https:\\\/\\\/helion.aero\\\/en\\\/#organization\",\"name\":\"Helion Technologies\",\"alternateName\":\"Helion\",\"url\":\"https:\\\/\\\/helion.aero\\\/en\\\/\",\"logo\":{\"@type\":\"ImageObject\",\"inLanguage\":\"en-US\",\"@id\":\"https:\\\/\\\/helion.aero\\\/en\\\/#\\\/schema\\\/logo\\\/image\\\/\",\"url\":\"https:\\\/\\\/i0.wp.com\\\/helion.aero\\\/wp-content\\\/uploads\\\/2024\\\/09\\\/cropped-HelionColorHorizontal-removebg-preview-2.png?fit=577%2C192&ssl=1\",\"contentUrl\":\"https:\\\/\\\/i0.wp.com\\\/helion.aero\\\/wp-content\\\/uploads\\\/2024\\\/09\\\/cropped-HelionColorHorizontal-removebg-preview-2.png?fit=577%2C192&ssl=1\",\"width\":577,\"height\":192,\"caption\":\"Helion Technologies\"},\"image\":{\"@id\":\"https:\\\/\\\/helion.aero\\\/en\\\/#\\\/schema\\\/logo\\\/image\\\/\"},\"sameAs\":[\"https:\\\/\\\/www.youtube.com\\\/@HelionTechnologies\",\"https:\\\/\\\/www.instagram.com\\\/helion.technologies?igsh=bG0xeHZjaHkyMHNh\"],\"description\":\"Empresa que presta servicios con drones. Entre nuestras actividades est\u00e1n la filmaci\u00f3n a\u00e9rea y retransmisi\u00f3n de im\u00e1genes y la fumigaci\u00f3n a\u00e9rea con drones.\",\"email\":\"info@helion.aero\",\"telephone\":\"620084955\",\"legalName\":\"Helion Technologies S.L\",\"foundingDate\":\"2017-05-02\",\"vatID\":\"B87818803\",\"numberOfEmployees\":{\"@type\":\"QuantitativeValue\",\"minValue\":\"1\",\"maxValue\":\"10\"},\"publishingPrinciples\":\"https:\\\/\\\/helion.aero\\\/servicios\\\/\"}]}<\/script>\n<!-- \/ Yoast SEO Premium plugin. -->","yoast_head_json":{"title":"Wind turbine cleaning and defrosting","description":"Discover the importance of wind turbine cleaning. Keep your turbines in optimal conditions for efficient performance.","robots":{"index":"index","follow":"follow","max-snippet":"max-snippet:-1","max-image-preview":"max-image-preview:large","max-video-preview":"max-video-preview:-1"},"canonical":"https:\/\/helion.aero\/en\/wind-turbine-cleaning\/","og_locale":"en_US","og_type":"article","og_title":"Wind Turbine Cleaning","og_description":"Discover the importance of wind turbine cleaning. Keep your turbines in optimal conditions for efficient performance.","og_url":"https:\/\/helion.aero\/en\/wind-turbine-cleaning\/","og_site_name":"Helion","article_modified_time":"2025-06-08T12:03:42+00:00","og_image":[{"width":217,"height":217,"url":"https:\/\/i0.wp.com\/helion.aero\/wp-content\/uploads\/2024\/09\/cropped-HelionColorHorizontal-removebg-preview-1-4.png?fit=217%2C217&ssl=1","type":"image\/png"}],"twitter_card":"summary_large_image","schema":{"@context":"https:\/\/schema.org","@graph":[{"@type":"WebPage","@id":"https:\/\/helion.aero\/en\/wind-turbine-cleaning\/","url":"https:\/\/helion.aero\/en\/wind-turbine-cleaning\/","name":"Wind turbine cleaning and defrosting","isPartOf":{"@id":"https:\/\/helion.aero\/en\/#website"},"datePublished":"2024-09-03T14:08:54+00:00","dateModified":"2025-06-08T12:03:42+00:00","description":"Discover the importance of wind turbine cleaning. Keep your turbines in optimal conditions for efficient performance.","breadcrumb":{"@id":"https:\/\/helion.aero\/en\/wind-turbine-cleaning\/#breadcrumb"},"inLanguage":"en-US","potentialAction":[{"@type":"ReadAction","target":["https:\/\/helion.aero\/en\/wind-turbine-cleaning\/"]}]},{"@type":"BreadcrumbList","@id":"https:\/\/helion.aero\/en\/wind-turbine-cleaning\/#breadcrumb","itemListElement":[{"@type":"ListItem","position":1,"name":"Portada","item":"https:\/\/helion.aero\/en\/"},{"@type":"ListItem","position":2,"name":"Wind Turbine Cleaning"}]},{"@type":"WebSite","@id":"https:\/\/helion.aero\/en\/#website","url":"https:\/\/helion.aero\/en\/","name":"Helion Technologies","description":"Servicios con drones","publisher":{"@id":"https:\/\/helion.aero\/en\/#organization"},"alternateName":"Helion","potentialAction":[{"@type":"SearchAction","target":{"@type":"EntryPoint","urlTemplate":"https:\/\/helion.aero\/en\/?s={search_term_string}"},"query-input":{"@type":"PropertyValueSpecification","valueRequired":true,"valueName":"search_term_string"}}],"inLanguage":"en-US"},{"@type":"Organization","@id":"https:\/\/helion.aero\/en\/#organization","name":"Helion Technologies","alternateName":"Helion","url":"https:\/\/helion.aero\/en\/","logo":{"@type":"ImageObject","inLanguage":"en-US","@id":"https:\/\/helion.aero\/en\/#\/schema\/logo\/image\/","url":"https:\/\/i0.wp.com\/helion.aero\/wp-content\/uploads\/2024\/09\/cropped-HelionColorHorizontal-removebg-preview-2.png?fit=577%2C192&ssl=1","contentUrl":"https:\/\/i0.wp.com\/helion.aero\/wp-content\/uploads\/2024\/09\/cropped-HelionColorHorizontal-removebg-preview-2.png?fit=577%2C192&ssl=1","width":577,"height":192,"caption":"Helion Technologies"},"image":{"@id":"https:\/\/helion.aero\/en\/#\/schema\/logo\/image\/"},"sameAs":["https:\/\/www.youtube.com\/@HelionTechnologies","https:\/\/www.instagram.com\/helion.technologies?igsh=bG0xeHZjaHkyMHNh"],"description":"Empresa que presta servicios con drones. Entre nuestras actividades est\u00e1n la filmaci\u00f3n a\u00e9rea y retransmisi\u00f3n de im\u00e1genes y la fumigaci\u00f3n a\u00e9rea con drones.","email":"info@helion.aero","telephone":"620084955","legalName":"Helion Technologies S.L","foundingDate":"2017-05-02","vatID":"B87818803","numberOfEmployees":{"@type":"QuantitativeValue","minValue":"1","maxValue":"10"},"publishingPrinciples":"https:\/\/helion.aero\/servicios\/"}]}},"uagb_featured_image_src":{"full":false,"thumbnail":false,"medium":false,"medium_large":false,"large":false,"1536x1536":false,"2048x2048":false,"newspack-article-block-landscape-large":false,"newspack-article-block-portrait-large":false,"newspack-article-block-square-large":false,"newspack-article-block-landscape-medium":false,"newspack-article-block-portrait-medium":false,"newspack-article-block-square-medium":false,"newspack-article-block-landscape-intermediate":false,"newspack-article-block-portrait-intermediate":false,"newspack-article-block-square-intermediate":false,"newspack-article-block-landscape-small":false,"newspack-article-block-portrait-small":false,"newspack-article-block-square-small":false,"newspack-article-block-landscape-tiny":false,"newspack-article-block-portrait-tiny":false,"newspack-article-block-square-tiny":false,"newspack-article-block-uncropped":false},"uagb_author_info":{"display_name":"Antoni Abellan","author_link":"https:\/\/helion.aero\/en\/author\/toniabellan95\/"},"uagb_comment_info":0,"uagb_excerpt":null,"jetpack_sharing_enabled":true,"jetpack_shortlink":"https:\/\/wp.me\/PfDuud-172","jetpack-related-posts":[],"_links":{"self":[{"href":"https:\/\/helion.aero\/en\/wp-json\/wp\/v2\/pages\/4280","targetHints":{"allow":["GET"]}}],"collection":[{"href":"https:\/\/helion.aero\/en\/wp-json\/wp\/v2\/pages"}],"about":[{"href":"https:\/\/helion.aero\/en\/wp-json\/wp\/v2\/types\/page"}],"author":[{"embeddable":true,"href":"https:\/\/helion.aero\/en\/wp-json\/wp\/v2\/users\/248291793"}],"replies":[{"embeddable":true,"href":"https:\/\/helion.aero\/en\/wp-json\/wp\/v2\/comments?post=4280"}],"version-history":[{"count":1,"href":"https:\/\/helion.aero\/en\/wp-json\/wp\/v2\/pages\/4280\/revisions"}],"predecessor-version":[{"id":4282,"href":"https:\/\/helion.aero\/en\/wp-json\/wp\/v2\/pages\/4280\/revisions\/4282"}],"wp:attachment":[{"href":"https:\/\/helion.aero\/en\/wp-json\/wp\/v2\/media?parent=4280"}],"curies":[{"name":"wp","href":"https:\/\/api.w.org\/{rel}","templated":true}]}}